{"id":1102,"date":"2020-03-11T16:48:25","date_gmt":"2020-03-11T16:48:25","guid":{"rendered":"http:\/\/organicbiomio.com\/?page_id=1102\/"},"modified":"2020-03-11T16:49:54","modified_gmt":"2020-03-11T16:49:54","slug":"vermouth-2","status":"publish","type":"page","link":"https:\/\/organicbiomio.com\/fr\/vermouth-2\/","title":{"rendered":"VERMOUTH"},"content":{"rendered":"<p>[vc_row full_width=&#8221;stretch_row_content_no_spaces&#8221; content_placement=&#8221;middle&#8221; css=&#8221;.vc_custom_1499098309420{background-color: #931e21 !important;}&#8221; el_id=&#8221;Vermut&#8221;][vc_column width=&#8221;1\/2&#8243; css=&#8221;.vc_custom_1490959947862{background-color: #ffffff !important;}&#8221;][vc_single_image image=&#8221;310&#8243; img_size=&#8221;203&#215;788&#8243; alignment=&#8221;center&#8221;][\/vc_column][vc_column width=&#8221;1\/2&#8243; css=&#8221;.vc_custom_1490961272569{margin-right: 0px !important;margin-left: 0px !important;background-color: #931e21 !important;}&#8221;][vc_single_image image=&#8221;292&#8243; img_size=&#8221;full&#8221; alignment=&#8221;center&#8221; css=&#8221;.vc_custom_1490968739276{margin-top: 50px !important;}&#8221;][vc_custom_heading text=&#8221;BioMIO est un vermouth d\u2019une attrayante couleur acajou avec des reflets ambr\u00e9s. Nez expressif et complexe avec des notes d&#8217;\u00e9pices, d&#8217;herbes, de r\u00e9glisse ainsi qu\u2019une touche bois\u00e9e. En bouche on remarque son \u00e9quilibre entre douceur et amertume que lui fournissent les herbes botaniques s\u00e9lectionn\u00e9es afin de lui conf\u00e9rer son caract\u00e8re. BioMIO allie une saveur douce-am\u00e8re \u00e0 des notes de ch\u00eane, d\u2019\u00e9pices, de noix et d\u2019herbes, adoucies avec une touche citrique qui \u00e0 son tour apporte une sensation finale de fraicheur au palais.&#8221; font_container=&#8221;tag:div|font_size:15|text_align:center|color:%23ffffff|line_height:2&#8243; google_fonts=&#8221;font_family:Raleway%3A100%2C200%2C300%2Cregular%2C500%2C600%2C700%2C800%2C900|font_style:500%20bold%20regular%3A500%3Anormal&#8221; css=&#8221;.vc_custom_1491762198461{padding-right: 80px !important;padding-left: 80px !important;}&#8221;]<div id=\"modal-trg-txt-wrap-9774\" class=\"ult-modal-input-wrapper ult-adjust-bottom-margin   vc_custom_1493587089462\"><button  data-ultimate-target='#modal-trg-txt-wrap-9774 .btn-modal'  data-responsive-json-new='{\"font-size\":\"\",\"line-height\":\"desktop:20px;\"}'  style=\"background:#fffad7;border-color:#fffad7;color:#931e21; \" data-class-id=\"content-69fe30c03341b3-09306957\" class=\"btn-modal ult-responsive btn-primary btn-modal-lg overlay-show ult-align-center\" data-overlay-class=\"overlay-cornerbottomleft\">INFORMATIONS SUR LE PRODUIT<\/button><\/div>\n<div class=\"ult-overlay content-69fe30c03341b3-09306957 \" data-class=\"content-69fe30c03341b3-09306957\" id=\"button-click-overlay\" style=\"background:rgba(51,51,51,0.8); display:none;\">\n\t<div class=\"ult_modal ult-fade ult-medium\">\n\t\t<div id=\"ult-modal-wrap-2439\" class=\"ult_modal-content ult-hide\" style=\"border-style:solid;border-width:2px;border-radius:0px;border-color:#333333;\">\n\t\t\t<div class=\"ult_modal-header\" style=\"background:#000000;color:#ffffff;border-color:#333333;\">\n\t\t\t\t<h3  data-ultimate-target='#ult-modal-wrap-2439 .ult_modal-title'  data-responsive-json-new='{\"font-size\":\"\",\"line-height\":\"\"}'  class=\"ult_modal-title ult-responsive\">BIOMIO RED VERMUT<\/h3>\n\t\t\t<\/div>\n\t\t\t<div  data-ultimate-target='#ult-modal-wrap-2439 .ult_modal-body'  data-responsive-json-new='{\"font-size\":\"\",\"line-height\":\"\"}'  class=\"ult_modal-body ult-responsive ult-html\" style=\"\">\n\t\t\t<\/p>\n<table style=\"width: 100%;\">\n<tbody>\n<tr>\n<td><img decoding=\"async\" loading=\"lazy\" class=\"aligncenter wp-image-310\" src=\"http:\/\/organicbiomio.com\/wp-content\/uploads\/2017\/01\/ORGANIC-SPANISH-SANGRIA-BIOMIO-VERMUT-VALDEPABLO-ROJO-530x1024.png\" alt=\"\" width=\"269\" height=\"520\" srcset=\"https:\/\/organicbiomio.com\/wp-content\/uploads\/2017\/01\/ORGANIC-SPANISH-SANGRIA-BIOMIO-VERMUT-VALDEPABLO-ROJO-530x1024.png 530w, https:\/\/organicbiomio.com\/wp-content\/uploads\/2017\/01\/ORGANIC-SPANISH-SANGRIA-BIOMIO-VERMUT-VALDEPABLO-ROJO-155x300.png 155w, https:\/\/organicbiomio.com\/wp-content\/uploads\/2017\/01\/ORGANIC-SPANISH-SANGRIA-BIOMIO-VERMUT-VALDEPABLO-ROJO-76x146.png 76w, https:\/\/organicbiomio.com\/wp-content\/uploads\/2017\/01\/ORGANIC-SPANISH-SANGRIA-BIOMIO-VERMUT-VALDEPABLO-ROJO-26x50.png 26w, https:\/\/organicbiomio.com\/wp-content\/uploads\/2017\/01\/ORGANIC-SPANISH-SANGRIA-BIOMIO-VERMUT-VALDEPABLO-ROJO-39x75.png 39w, https:\/\/organicbiomio.com\/wp-content\/uploads\/2017\/01\/ORGANIC-SPANISH-SANGRIA-BIOMIO-VERMUT-VALDEPABLO-ROJO.png 600w\" sizes=\"(max-width: 269px) 100vw, 269px\" \/><\/td>\n<td>\n<h4 class=\"modal-title\">CAISSE<\/h4>\n<p style=\"text-align: left;\"><strong>\u00a0<\/strong><\/p>\n<p style=\"text-align: left;\">6 Bouteilles \/ caisse<\/p>\n<p style=\"text-align: left;\"><strong>POIDS<\/strong><\/p>\n<p style=\"text-align: left;\">7320 gr.<\/p>\n<p style=\"text-align: left;\"><strong>EUROPALET<\/strong><\/p>\n<p style=\"text-align: left;\">105 caisses<\/p>\n<p style=\"text-align: left;\"><strong>POIDS<\/strong><\/p>\n<p style=\"text-align: left;\">769 kg.<\/p>\n<\/td>\n<\/tr>\n<\/tbody>\n<\/table>\n<p>\n\t\t\t<\/div>\n\t<\/div>\n\t<\/div>\n\t<div class=\"ult-overlay-close\">Close<\/div>\n<\/div>[\/vc_column][\/vc_row][vc_row full_width=&#8221;stretch_row_content_no_spaces&#8221; content_placement=&#8221;middle&#8221; css=&#8221;.vc_custom_1491260630382{background-color: #fffad7 !important;}&#8221;][vc_column width=&#8221;1\/2&#8243; css=&#8221;.vc_custom_1490963209805{margin-right: 0px !important;margin-left: 0px !important;background-color: #fffad7 !important;}&#8221;][vc_single_image image=&#8221;291&#8243; img_size=&#8221;full&#8221; alignment=&#8221;center&#8221; css_animation=&#8221;bottom-to-top&#8221; css=&#8221;.vc_custom_1491775638457{margin-top: 50px !important;}&#8221;][vc_custom_heading text=&#8221;BioMIO est un vermouth biologique de couleur jaune avec des reflets dor\u00e9s. Au nez, on remarque sa forte expression olfactive de fleurs blanches, d&#8217;herbes sauvages ; la pure nature. En bouche il se r\u00e9v\u00e8le expressif avec des notes \u00e0 base de plantes et de vanille, un long arri\u00e8re-palais de fleurs sauvages et balsamiques avec une finale d&#8217;agrumes frais.&#8221; font_container=&#8221;tag:div|font_size:15|text_align:center|color:%23a99338|line_height:2&#8243; google_fonts=&#8221;font_family:Raleway%3A100%2C200%2C300%2Cregular%2C500%2C600%2C700%2C800%2C900|font_style:500%20bold%20regular%3A500%3Anormal&#8221; css=&#8221;.vc_custom_1491762219898{padding-right: 80px !important;padding-left: 80px !important;}&#8221;]<div id=\"modal-trg-txt-wrap-1193\" class=\"ult-modal-input-wrapper ult-adjust-bottom-margin   vc_custom_1493587383334\"><button  data-ultimate-target='#modal-trg-txt-wrap-1193 .btn-modal'  data-responsive-json-new='{\"font-size\":\"\",\"line-height\":\"desktop:20px;\"}'  style=\"background:#938030;border-color:#938030;color:#fffad7; \" data-class-id=\"content-69fe30c03345c4-86981362\" class=\"btn-modal ult-responsive btn-primary btn-modal-lg overlay-show ult-align-center\" data-overlay-class=\"overlay-cornerbottomleft\">INFORMATIONS SUR LE PRODUIT<\/button><\/div>\n<div class=\"ult-overlay content-69fe30c03345c4-86981362 \" data-class=\"content-69fe30c03345c4-86981362\" id=\"button-click-overlay\" style=\"background:rgba(51,51,51,0.8); display:none;\">\n\t<div class=\"ult_modal ult-fade ult-medium\">\n\t\t<div id=\"ult-modal-wrap-364\" class=\"ult_modal-content ult-hide\" style=\"border-style:solid;border-width:2px;border-radius:0px;border-color:#333333;\">\n\t\t\t<div class=\"ult_modal-header\" style=\"background:#000000;color:#ffffff;border-color:#333333;\">\n\t\t\t\t<h3  data-ultimate-target='#ult-modal-wrap-364 .ult_modal-title'  data-responsive-json-new='{\"font-size\":\"\",\"line-height\":\"\"}'  class=\"ult_modal-title ult-responsive\">BIOMIO WHITE VERMUT<\/h3>\n\t\t\t<\/div>\n\t\t\t<div  data-ultimate-target='#ult-modal-wrap-364 .ult_modal-body'  data-responsive-json-new='{\"font-size\":\"\",\"line-height\":\"\"}'  class=\"ult_modal-body ult-responsive ult-html\" style=\"\">\n\t\t\t<\/p>\n<table style=\"width: 100%;\">\n<tbody>\n<tr>\n<td><img decoding=\"async\" loading=\"lazy\" class=\"alignnone wp-image-295\" src=\"http:\/\/organicbiomio.com\/wp-content\/uploads\/2017\/01\/biomio-organic-vermut-bianco-l.png\" alt=\"\" width=\"269\" height=\"520\" srcset=\"https:\/\/organicbiomio.com\/wp-content\/uploads\/2017\/01\/biomio-organic-vermut-bianco-l.png 600w, https:\/\/organicbiomio.com\/wp-content\/uploads\/2017\/01\/biomio-organic-vermut-bianco-l-155x300.png 155w, https:\/\/organicbiomio.com\/wp-content\/uploads\/2017\/01\/biomio-organic-vermut-bianco-l-530x1024.png 530w, https:\/\/organicbiomio.com\/wp-content\/uploads\/2017\/01\/biomio-organic-vermut-bianco-l-76x146.png 76w, https:\/\/organicbiomio.com\/wp-content\/uploads\/2017\/01\/biomio-organic-vermut-bianco-l-26x50.png 26w, https:\/\/organicbiomio.com\/wp-content\/uploads\/2017\/01\/biomio-organic-vermut-bianco-l-39x75.png 39w\" sizes=\"(max-width: 269px) 100vw, 269px\" \/><\/td>\n<td>\n<p style=\"text-align: left;\"><strong>CAISSE<\/strong><\/p>\n<p style=\"text-align: left;\">6 Bouteilles \/ caisse<\/p>\n<p style=\"text-align: left;\"><strong>POIDS<br \/>\n<\/strong><\/p>\n<p style=\"text-align: left;\">7320 gr.<\/p>\n<p style=\"text-align: left;\"><strong>EUROPALET<\/strong><\/p>\n<p style=\"text-align: left;\">105 caisses<\/p>\n<p style=\"text-align: left;\"><strong>POIDS<\/strong><\/p>\n<p style=\"text-align: left;\">769 kg.<\/p>\n<\/td>\n<\/tr>\n<\/tbody>\n<\/table>\n<p>\n\t\t\t<\/div>\n\t<\/div>\n\t<\/div>\n\t<div class=\"ult-overlay-close\">Close<\/div>\n<\/div>[\/vc_column][vc_column width=&#8221;1\/2&#8243; css=&#8221;.vc_custom_1490959947862{background-color: #ffffff !important;}&#8221;][vc_single_image image=&#8221;295&#8243; img_size=&#8221;203&#215;788&#8243; alignment=&#8221;center&#8221; css_animation=&#8221;bottom-to-top&#8221;][\/vc_column][\/vc_row][vc_row full_width=&#8221;stretch_row&#8221; css=&#8221;.vc_custom_1499026479250{background-color: #931e21 !important;}&#8221; el_id=&#8221;Contact&#8221;][vc_column][vc_custom_heading text=&#8221;Contactez -nous!&#8221; font_container=&#8221;tag:h2|text_align:center|color:%23ffffff&#8221; google_fonts=&#8221;font_family:Raleway%3A100%2C200%2C300%2Cregular%2C500%2C600%2C700%2C800%2C900|font_style:500%20bold%20regular%3A500%3Anormal&#8221; css_animation=&#8221;bottom-to-top&#8221; css=&#8221;.vc_custom_1491775693147{margin-bottom: 30px !important;}&#8221;][vc_empty_space height=&#8221;30px&#8221;][vc_row_inner][vc_column_inner width=&#8221;1\/4&#8243;][vc_single_image image=&#8221;326&#8243; img_size=&#8221;50X50&#8243; alignment=&#8221;center&#8221; onclick=&#8221;custom_link&#8221; img_link_target=&#8221;_blank&#8221; css_animation=&#8221;bottom-to-top&#8221; link=&#8221;https:\/\/www.instagram.com\/organicbiomio\/&#8221;][vc_custom_heading text=&#8221;@organicbiomio&#8221; font_container=&#8221;tag:p|font_size:15px|text_align:center|color:%23ffffff&#8221; google_fonts=&#8221;font_family:Raleway%3A100%2C200%2C300%2Cregular%2C500%2C600%2C700%2C800%2C900|font_style:500%20bold%20regular%3A500%3Anormal&#8221; css_animation=&#8221;bottom-to-top&#8221; link=&#8221;url:https%3A%2F%2Fwww.instagram.com%2Forganicbiomio%2F||target:%20_blank|&#8221;][\/vc_column_inner][vc_column_inner width=&#8221;1\/4&#8243;][vc_single_image image=&#8221;321&#8243; img_size=&#8221;50&#215;50&#8243; alignment=&#8221;center&#8221; onclick=&#8221;custom_link&#8221; img_link_target=&#8221;_blank&#8221; css_animation=&#8221;bottom-to-top&#8221; link=&#8221;https:\/\/es-es.facebook.com\/organicbiomio\/&#8221;][vc_custom_heading text=&#8221;@organicbiomio&#8221; font_container=&#8221;tag:p|font_size:15px|text_align:center|color:%23ffffff&#8221; google_fonts=&#8221;font_family:Raleway%3A100%2C200%2C300%2Cregular%2C500%2C600%2C700%2C800%2C900|font_style:500%20bold%20regular%3A500%3Anormal&#8221; css_animation=&#8221;bottom-to-top&#8221; link=&#8221;url:https%3A%2F%2Fwww.facebook.com%2Forganicbiomio%2F||target:%20_blank|&#8221;][\/vc_column_inner][vc_column_inner width=&#8221;1\/4&#8243;][vc_single_image image=&#8221;323&#8243; img_size=&#8221;55&#215;55&#8243; alignment=&#8221;center&#8221; onclick=&#8221;custom_link&#8221; css_animation=&#8221;bottom-to-top&#8221; link=&#8221;tel:\/\/+34976898400&#8243;][vc_custom_heading text=&#8221;+34 976 898 400&#8243; font_container=&#8221;tag:p|font_size:15px|text_align:center|color:%23ffffff&#8221; google_fonts=&#8221;font_family:Raleway%3A100%2C200%2C300%2Cregular%2C500%2C600%2C700%2C800%2C900|font_style:500%20bold%20regular%3A500%3Anormal&#8221; css_animation=&#8221;bottom-to-top&#8221; link=&#8221;url:tel%3A%2F%2F%2B34976898400|||&#8221;][\/vc_column_inner][vc_column_inner width=&#8221;1\/4&#8243;][vc_single_image image=&#8221;325&#8243; img_size=&#8221;50&#215;50&#8243; alignment=&#8221;center&#8221; onclick=&#8221;custom_link&#8221; css_animation=&#8221;bottom-to-top&#8221; link=&#8221;mailto:valdepablo@valdepablo.com&#8221; css=&#8221;.vc_custom_1583945317590{margin-bottom: 30px !important;}&#8221;][vc_custom_heading text=&#8221;valdepablo@valdepablo.com&#8221; font_container=&#8221;tag:p|font_size:15px|text_align:center|color:%23ffffff&#8221; google_fonts=&#8221;font_family:Raleway%3A100%2C200%2C300%2Cregular%2C500%2C600%2C700%2C800%2C900|font_style:500%20bold%20regular%3A500%3Anormal&#8221; css_animation=&#8221;bottom-to-top&#8221; link=&#8221;url:mailto%3Avaldepablo%40valdepablo.com|||&#8221; css=&#8221;.vc_custom_1583945346013{margin-top: 50px !important;}&#8221;][\/vc_column_inner][\/vc_row_inner][\/vc_column][\/vc_row][vc_row disable_element=&#8221;yes&#8221;][vc_column width=&#8221;1\/3&#8243;][vc_single_image image=&#8221;46&#8243;][\/vc_column][vc_column width=&#8221;1\/3&#8243;][\/vc_column][vc_column width=&#8221;1\/3&#8243;][vc_custom_heading text=&#8221;Suscr\u00edbete a nuestra newsletter&#8221; font_container=&#8221;tag:div|font_size:18|text_align:left|color:%23931e21&#8243; google_fonts=&#8221;font_family:Raleway%3A100%2C200%2C300%2Cregular%2C500%2C600%2C700%2C800%2C900|font_style:800%20bold%20regular%3A800%3Anormal&#8221;][vc_btn title=&#8221;correo electr\u00f3nico&#8221; style=&#8221;outline-custom&#8221; outline_custom_color=&#8221;#666666&#8243; outline_custom_hover_background=&#8221;#666666&#8243; outline_custom_hover_text=&#8221;#ffffff&#8221; size=&#8221;lg&#8221; css=&#8221;.vc_custom_1490986125125{border-top-width: 1px !important;border-right-width: 1px !important;border-bottom-width: 1px !important;border-left-width: 1px !important;border-left-color: #000000 !important;border-right-color: #000000 !important;border-top-color: #000000 !important;border-bottom-color: #000000 !important;}&#8221;][vc_custom_heading text=&#8221;Contacto&#8221; font_container=&#8221;tag:div|font_size:18|text_align:left|color:%23931e21&#8243; google_fonts=&#8221;font_family:Raleway%3A100%2C200%2C300%2Cregular%2C500%2C600%2C700%2C800%2C900|font_style:800%20bold%20regular%3A800%3Anormal&#8221;][vc_custom_heading text=&#8221;+34 976 000 000&#8243; font_container=&#8221;tag:h2|font_size:18|text_align:left&#8221;][vc_custom_heading text=&#8221;info@organicbiomio.com&#8221; font_container=&#8221;tag:h2|font_size:18|text_align:left&#8221;][\/vc_column][\/vc_row][vc_row full_width=&#8221;stretch_row_content_no_spaces&#8221; content_placement=&#8221;top&#8221; bg_type=&#8221;image&#8221; parallax_style=&#8221;vcpb-vz-jquery&#8221; bg_image_new=&#8221;id^708|url^http:\/\/organicbiomio.com\/wp-content\/uploads\/2017\/02\/Sangria-y-vermut-premium.jpg|caption^null|alt^null|title^Sangria-y-vermut-premium|description^null&#8221; bg_img_attach=&#8221;fixed&#8221; parallax_sense=&#8221;1&#8243; css=&#8221;.vc_custom_1493668163968{margin-top: 0px !important;background-position: 0 0 !important;background-repeat: no-repeat !important;}&#8221;][vc_column][vc_empty_space height=&#8221;300px&#8221;][\/vc_column][\/vc_row][vc_row full_width=&#8221;stretch_row_content_no_spaces&#8221; bg_type=&#8221;image&#8221; css=&#8221;.vc_custom_1492708173393{margin-top: 0px !important;margin-right: 0px !important;margin-bottom: -50px !important;margin-left: 0px !important;}&#8221;][vc_column][\/vc_column][\/vc_row][vc_row][vc_column][vc_column_text]<\/p>\n<p>[\/vc_column_text][\/vc_column][\/vc_row][vc_row full_width=&#8221;stretch_row_content&#8221; content_placement=&#8221;middle&#8221; parallax=&#8221;content-moving-fade&#8221; parallax_image=&#8221;384&#8243; disable_element=&#8221;yes&#8221; css=&#8221;.vc_custom_1491250396270{margin-top: -150px !important;background-position: center;background-repeat: no-repeat !important;background-size: cover !important;}&#8221;][vc_column][vc_empty_space height=&#8221;800px&#8221;][\/vc_column][\/vc_row][vc_row el_id=&#8221;Prensa&#8221;][vc_column][vc_custom_heading text=&#8221;Presse&#8221; font_container=&#8221;tag:h2|text_align:center|color:%23000000&#8243; google_fonts=&#8221;font_family:Raleway%3A100%2C200%2C300%2Cregular%2C500%2C600%2C700%2C800%2C900|font_style:700%20bold%20regular%3A700%3Anormal&#8221; css_animation=&#8221;bottom-to-top&#8221; css=&#8221;.vc_custom_1499098277720{margin-bottom: 50px !important;}&#8221;][vc_separator color=&#8221;custom&#8221; border_width=&#8221;3&#8243; el_width=&#8221;10&#8243; accent_color=&#8221;#cc0033&#8243; css=&#8221;.vc_custom_1491773117357{padding-bottom: 30px !important;}&#8221;][vc_row_inner][vc_column_inner width=&#8221;1\/6&#8243;][vc_single_image image=&#8221;467&#8243; img_size=&#8221;full&#8221; alignment=&#8221;center&#8221; onclick=&#8221;custom_link&#8221; img_link_target=&#8221;_blank&#8221; link=&#8221;http:\/\/organicbiomio.com\/wp-content\/uploads\/2017\/04\/01.04.2017.WOMAN_.BIOMIO.pdf&#8221;][\/vc_column_inner][vc_column_inner width=&#8221;1\/6&#8243;][vc_single_image image=&#8221;464&#8243; img_size=&#8221;&#8221; alignment=&#8221;center&#8221; onclick=&#8221;custom_link&#8221; img_link_target=&#8221;_blank&#8221; link=&#8221;http:\/\/organicbiomio.com\/wp-content\/uploads\/2017\/04\/15-08-2016-INTERVIU.BIOMIO-1.pdf&#8221;][\/vc_column_inner][vc_column_inner width=&#8221;1\/6&#8243;][vc_single_image image=&#8221;465&#8243; img_size=&#8221;70&#215;70&#8243; alignment=&#8221;center&#8221; onclick=&#8221;custom_link&#8221; img_link_target=&#8221;_blank&#8221; link=&#8221;http:\/\/organicbiomio.com\/wp-content\/uploads\/2017\/04\/29.03.2017.DIEZ-MINUTOS.BIOMIO-copia.pdf&#8221;][\/vc_column_inner][vc_column_inner width=&#8221;1\/6&#8243;][vc_single_image image=&#8221;466&#8243; img_size=&#8221;&#8221; alignment=&#8221;center&#8221; onclick=&#8221;custom_link&#8221; img_link_target=&#8221;_blank&#8221; link=&#8221;http:\/\/organicbiomio.com\/wp-content\/uploads\/2017\/04\/01.04.2017.MI-CASA.BIOMIO-1.pdf&#8221;][\/vc_column_inner][vc_column_inner width=&#8221;1\/6&#8243;][vc_single_image image=&#8221;463&#8243; img_size=&#8221;&#8221; alignment=&#8221;center&#8221; onclick=&#8221;custom_link&#8221; img_link_target=&#8221;_blank&#8221; link=&#8221;http:\/\/organicbiomio.com\/wp-content\/uploads\/2017\/04\/01.01.2017.BCN-SMILE.BIO-MIO-1.pdf&#8221;][\/vc_column_inner][vc_column_inner width=&#8221;1\/6&#8243;][vc_single_image image=&#8221;467&#8243; img_size=&#8221;full&#8221; alignment=&#8221;center&#8221; onclick=&#8221;custom_link&#8221; img_link_target=&#8221;_blank&#8221; link=&#8221;http:\/\/organicbiomio.com\/wp-content\/uploads\/2017\/04\/01.04.2017.WOMAN_.BIOMIO.pdf&#8221;][\/vc_column_inner][\/vc_row_inner][vc_row_inner disable_element=&#8221;yes&#8221;][vc_column_inner width=&#8221;1\/6&#8243;][vc_single_image image=&#8221;497&#8243; img_size=&#8221;&#8221; alignment=&#8221;center&#8221; onclick=&#8221;custom_link&#8221; img_link_target=&#8221;_blank&#8221; link=&#8221;http:\/\/www.granconsumo.tv\/bebidas\/vinos\/novedades\/biomio-la-sangria-organica-de-bodegas-valdepablo&#8221;][\/vc_column_inner][vc_column_inner width=&#8221;1\/6&#8243;][vc_single_image image=&#8221;498&#8243; img_size=&#8221;&#8221; alignment=&#8221;center&#8221; onclick=&#8221;custom_link&#8221; img_link_target=&#8221;_blank&#8221; link=&#8221;http:\/\/alimentosmadeinaragon.com\/2016\/06\/23\/valdepablo-lanza-sangrias-ecologicas\/&#8221;][\/vc_column_inner][vc_column_inner width=&#8221;1\/6&#8243;][vc_single_image image=&#8221;499&#8243; img_size=&#8221;&#8221; alignment=&#8221;center&#8221; onclick=&#8221;custom_link&#8221; img_link_target=&#8221;_blank&#8221; link=&#8221;http:\/\/www.universalsleeve.com\/bio-mio-nuevo-sleeve-de-bodegas-valdepablo\/&#8221;][\/vc_column_inner][vc_column_inner width=&#8221;1\/6&#8243;][vc_single_image image=&#8221;500&#8243; img_size=&#8221;70&#215;70&#8243; alignment=&#8221;center&#8221; onclick=&#8221;custom_link&#8221; img_link_target=&#8221;_blank&#8221; link=&#8221;http:\/\/professionalclipping.com\/2016\/06\/23\/biomio-la-sangria-organica-del-verano\/&#8221;][\/vc_column_inner][vc_column_inner width=&#8221;1\/6&#8243;][vc_single_image image=&#8221;468&#8243; img_size=&#8221;&#8221; alignment=&#8221;center&#8221; onclick=&#8221;custom_link&#8221; img_link_target=&#8221;_blank&#8221; link=&#8221;http:\/\/organicbiomio.com\/wp-content\/uploads\/2017\/04\/25.03.2017.QMD_.BIOMIO.pdf&#8221;][\/vc_column_inner][vc_column_inner width=&#8221;1\/6&#8243;][vc_single_image image=&#8221;501&#8243; img_size=&#8221;&#8221; alignment=&#8221;center&#8221; onclick=&#8221;custom_link&#8221; img_link_target=&#8221;_blank&#8221; link=&#8221;https:\/\/lahoradelvermut.wordpress.com\/tag\/sangria-roja\/&#8221;][\/vc_column_inner][\/vc_row_inner][vc_row_inner disable_element=&#8221;yes&#8221;][vc_column_inner width=&#8221;1\/6&#8243;][vc_single_image image=&#8221;503&#8243; img_size=&#8221;&#8221; alignment=&#8221;center&#8221; onclick=&#8221;custom_link&#8221; img_link_target=&#8221;_blank&#8221; link=&#8221;http:\/\/profesionaleshoy.es\/bebidas\/2017\/01\/30\/nueva-sangria-bio-mio-red\/6591&#8243;][\/vc_column_inner][vc_column_inner width=&#8221;1\/6&#8243;][vc_single_image image=&#8221;504&#8243; img_size=&#8221;&#8221; alignment=&#8221;center&#8221; onclick=&#8221;custom_link&#8221; img_link_target=&#8221;_blank&#8221; link=&#8221;https:\/\/www.vinetur.com\/2016090825327\/bio-mio-nuevo-concepto-de-sangria-ecologica-de-calidad.html&#8221;][\/vc_column_inner][vc_column_inner width=&#8221;1\/6&#8243;][vc_single_image image=&#8221;506&#8243; img_size=&#8221;&#8221; alignment=&#8221;center&#8221; onclick=&#8221;custom_link&#8221; img_link_target=&#8221;_blank&#8221; link=&#8221;https:\/\/www.alimarket.es\/noticia\/217031\/valdepablo-lanza-sangrias-ecologicas&#8221;][\/vc_column_inner][vc_column_inner width=&#8221;1\/6&#8243;][vc_single_image image=&#8221;507&#8243; img_size=&#8221;70&#215;70&#8243; alignment=&#8221;center&#8221; onclick=&#8221;custom_link&#8221; img_link_target=&#8221;_blank&#8221; link=&#8221;https:\/\/www.gourmets.net\/descubre-las-4-variedades-ecologicas-de-bio-mio&#8221;][\/vc_column_inner][vc_column_inner width=&#8221;1\/6&#8243;][vc_single_image image=&#8221;508&#8243; img_size=&#8221;full&#8221; alignment=&#8221;center&#8221; onclick=&#8221;custom_link&#8221; img_link_target=&#8221;_blank&#8221; link=&#8221;http:\/\/www.marketing4food.com\/biomio-la-sangria-ecologica-para-el-periodo-estival\/&#8221;][\/vc_column_inner][vc_column_inner width=&#8221;1\/6&#8243;][vc_single_image image=&#8221;509&#8243; img_size=&#8221;&#8221; alignment=&#8221;center&#8221; onclick=&#8221;custom_link&#8221; img_link_target=&#8221;_blank&#8221; link=&#8221;http:\/\/www.revistainforetail.com\/noticiadet\/bodegas-valdepablo-lanza-biomio\/64e177bd5ceb2180b44d2fc8011c1c39&#8243;][\/vc_column_inner][\/vc_row_inner][\/vc_column][\/vc_row]<\/p>\n","protected":false},"excerpt":{"rendered":"<p>[vc_row full_width=&#8221;stretch_row_content_no_spaces&#8221; content_placement=&#8221;middle&#8221; css=&#8221;.vc_custom_1499098309420{background-color: #931e21 !important;}&#8221; el_id=&#8221;Vermut&#8221;][vc_column width=&#8221;1\/2&#8243; css=&#8221;.vc_custom_1490959947862{background-color: #ffffff !important;}&#8221;][vc_single_image image=&#8221;310&#8243; img_size=&#8221;203&#215;788&#8243; alignment=&#8221;center&#8221;][\/vc_column][vc_column width=&#8221;1\/2&#8243; css=&#8221;.vc_custom_1490961272569{margin-right: 0px !important;margin-left: 0px !important;background-color: #931e21 !important;}&#8221;][vc_single_image image=&#8221;292&#8243; img_size=&#8221;full&#8221; alignment=&#8221;center&#8221; css=&#8221;.vc_custom_1490968739276{margin-top: 50px !important;}&#8221;][vc_custom_heading text=&#8221;BioMIO est un vermouth d\u2019une attrayante couleur acajou avec des reflets ambr\u00e9s. Nez expressif et complexe avec des notes d&#8217;\u00e9pices, d&#8217;herbes, de r\u00e9glisse ainsi qu\u2019une touche bois\u00e9e. En bouche on remarque son \u00e9quilibre entre douceur et amertume que lui fournissent les herbes botaniques s\u00e9lectionn\u00e9es afin de lui conf\u00e9rer son caract\u00e8re. BioMIO allie une saveur douce-am\u00e8re \u00e0 des notes de ch\u00eane, d\u2019\u00e9pices, de noix et d\u2019herbes, adoucies avec une touche citrique qui \u00e0<span class=\"excerpt-hellip\"> [\u2026]<\/span><\/p>\n","protected":false},"author":1,"featured_media":0,"parent":0,"menu_order":0,"comment_status":"closed","ping_status":"closed","template":"","meta":{"content-type":""},"_links":{"self":[{"href":"https:\/\/organicbiomio.com\/fr\/wp-json\/wp\/v2\/pages\/1102"}],"collection":[{"href":"https:\/\/organicbiomio.com\/fr\/wp-json\/wp\/v2\/pages"}],"about":[{"href":"https:\/\/organicbiomio.com\/fr\/wp-json\/wp\/v2\/types\/page"}],"author":[{"embeddable":true,"href":"https:\/\/organicbiomio.com\/fr\/wp-json\/wp\/v2\/users\/1"}],"replies":[{"embeddable":true,"href":"https:\/\/organicbiomio.com\/fr\/wp-json\/wp\/v2\/comments?post=1102"}],"version-history":[{"count":1,"href":"https:\/\/organicbiomio.com\/fr\/wp-json\/wp\/v2\/pages\/1102\/revisions"}],"predecessor-version":[{"id":2252,"href":"https:\/\/organicbiomio.com\/fr\/wp-json\/wp\/v2\/pages\/1102\/revisions\/2252"}],"wp:attachment":[{"href":"https:\/\/organicbiomio.com\/fr\/wp-json\/wp\/v2\/media?parent=1102"}],"curies":[{"name":"wp","href":"https:\/\/api.w.org\/{rel}","templated":true}]}}